{"id":30831,"date":"2022-03-15T15:18:11","date_gmt":"2022-03-15T15:18:11","guid":{"rendered":"https:\/\/breyn.arda.is\/?page_id=30831"},"modified":"2023-01-12T09:32:24","modified_gmt":"2023-01-12T09:32:24","slug":"um-breyn","status":"publish","type":"page","link":"https:\/\/breyn.is\/?page_id=30831","title":{"rendered":"Um BREYN"},"content":{"rendered":"<div class=\"wpb-content-wrapper\"><p>[vc_row][vc_column][vc_column_text]\n\n<hr class=\"wp-block-separator\" \/>\n\n\n<div class=\"wp-block-columns has-2-columns is-layout-flex wp-container-core-columns-is-layout-9d6595d7 wp-block-columns-is-layout-flex\">\n<div class=\"wp-block-column is-layout-flow wp-block-column-is-layout-flow\">\n<div class=\"wp-block-image\">\n<figure class=\"alignright is-resized\"><img loading=\"lazy\" decoding=\"async\" class=\"wp-image-30835\" src=\"https:\/\/breyn.is\/wp-content\/uploads\/2022\/03\/80x80-9a-x30-svhv-1-683x1024.jpg\" alt=\"\" width=\"342\" height=\"512\" srcset=\"https:\/\/breyn.is\/wp-content\/uploads\/2022\/03\/80x80-9a-x30-svhv-1-683x1024.jpg 683w, https:\/\/breyn.is\/wp-content\/uploads\/2022\/03\/80x80-9a-x30-svhv-1-200x300.jpg 200w, https:\/\/breyn.is\/wp-content\/uploads\/2022\/03\/80x80-9a-x30-svhv-1-768x1152.jpg 768w, https:\/\/breyn.is\/wp-content\/uploads\/2022\/03\/80x80-9a-x30-svhv-1-500x750.jpg 500w\" sizes=\"auto, (max-width: 342px) 100vw, 342px\" \/><\/figure>\n<\/div>\n\n<\/div>\n\n\n<div class=\"wp-block-column is-layout-flow wp-block-column-is-layout-flow\">\n<h4><strong style=\"font-size: 24px;\">Bj\u00f6rk Reynisd\u00f3ttir stofnandi og eigandi.<\/strong><\/h4>\n\n\n<p class=\"has-text-color has-very-dark-gray-color\" style=\"font-size: 20px;\">Bj\u00f6rk er vi\u00f0skiptafr\u00e6\u00f0ingur a\u00f0 mennt og hefur \u00e1ratuga reynslu af f\u00e6rslu b\u00f3khalds, uppgj\u00f6rum, \u00e1\u00e6tlanager\u00f0um, fj\u00e1rm\u00e1lastj\u00f3rn og rekstri fyrirt\u00e6kja.<\/p>\n\n\n<p class=\"has-text-color has-very-dark-gray-color\" style=\"font-size: 20px;\">\u00c1hugam\u00e1l Bjarkar fyrir utan vinnuna eru g\u00f6gnufer\u00f0ir, fer\u00f0al\u00f6g, golf og n\u00fdtir h\u00fan hvert t\u00e6kif\u00e6ri til a\u00f0 stinga af og stunda \u00e1hugam\u00e1lin \u00feegar vinnan leyfir.<\/p>\n\n<\/div>\n\n<\/div>\n\n\n<div class=\"wp-block-columns has-2-columns is-layout-flex wp-container-core-columns-is-layout-9d6595d7 wp-block-columns-is-layout-flex\">\n\n<div class=\"wp-block-column is-layout-flow wp-block-column-is-layout-flow\">\u00a0<\/div>\n<\/div>\n<div class=\"wp-block-columns has-2-columns\">\n<div class=\"wp-block-column\">\n\n<\/div>\n\n<\/div>\n<!-- \/wp:post-content -->\n<!-- wp:columns -->\n<div class=\"wp-block-columns has-2-columns\"><!-- wp:column -->\n<div class=\"wp-block-column\"><!-- wp:image {\"id\":30818,\"align\":\"right\",\"width\":342,\"height\":512} -->\n<div class=\"wp-block-image\">\n<figure class=\"alignright is-resized\"><img loading=\"lazy\" decoding=\"async\" class=\"wp-image-30818\" src=\"https:\/\/breyn.is\/wp-content\/uploads\/2022\/03\/80x80-3aa-x20-svhv-683x1024.jpg\" alt=\"\" width=\"342\" height=\"512\" srcset=\"https:\/\/breyn.is\/wp-content\/uploads\/2022\/03\/80x80-3aa-x20-svhv-683x1024.jpg 683w, https:\/\/breyn.is\/wp-content\/uploads\/2022\/03\/80x80-3aa-x20-svhv-200x300.jpg 200w, https:\/\/breyn.is\/wp-content\/uploads\/2022\/03\/80x80-3aa-x20-svhv-768x1152.jpg 768w, https:\/\/breyn.is\/wp-content\/uploads\/2022\/03\/80x80-3aa-x20-svhv-500x750.jpg 500w, https:\/\/breyn.is\/wp-content\/uploads\/2022\/03\/80x80-3aa-x20-svhv.jpg 1575w\" sizes=\"auto, (max-width: 342px) 100vw, 342px\" \/><\/figure>\n<\/div>\n<!-- \/wp:image -->\n<\/div>\n<!-- \/wp:column -->\n<!-- wp:column -->\n<div class=\"wp-block-column\"><!-- wp:html -->\n<h4><strong style=\"font-size: 24px;\">Sara L\u00edf Fells, b\u00f3kari.<\/strong><\/h4>\n<!-- \/wp:html -->\n<!-- wp:html -->\n<p class=\"has-text-color has-very-dark-gray-color\" style=\"font-size: 20px;\">Sara L\u00edf er a\u00f0 st\u00edga s\u00edn fyrstu skref \u00ed b\u00f3khaldsvinnunni me\u00f0fram n\u00e1mi og annari vinnu. H\u00fan a\u00f0sto\u00f0ar<br \/>okkur hinar \u00ed verkefnum \u00ed b\u00f3khaldskerfum Navision og Reglu.is<\/p>\n<!-- \/wp:html -->\n<!-- wp:html -->\n<p class=\"has-text-color has-very-dark-gray-color\" style=\"font-size: 20px;\">\u00deegar Sara L\u00edf er ekki a\u00f0 vinna e\u00f0a l\u00e6ra dekrar h\u00fan vi\u00f0 litla hundinn sinn og skipuleggur fer\u00f0al\u00f6g til skemmtilegra \u00e1fangasta\u00f0a.<\/p>\n<!-- \/wp:html -->\n<\/div>\n<!-- \/wp:column -->\n<\/div>\n<!-- \/wp:columns -->\n<p>&nbsp;<\/p>\n<p>[\/vc_column_text][\/vc_column][\/vc_row]<\/p>\n<\/div>","protected":false},"excerpt":{"rendered":"<p>[vc_row][vc_column][vc_column_text] Bj\u00f6rk Reynisd\u00f3ttir stofnandi og eigandi. Bj\u00f6rk er vi\u00f0skiptafr\u00e6\u00f0ingur a\u00f0 mennt og hefur \u00e1ratuga reynslu af f\u00e6rslu b\u00f3khalds, uppgj\u00f6rum, \u00e1\u00e6tlanager\u00f0um, fj\u00e1rm\u00e1lastj\u00f3rn og rekstri fyrirt\u00e6kja. \u00c1hugam\u00e1l Bjarkar fyrir utan vinnuna eru g\u00f6gnufer\u00f0ir, fer\u00f0al\u00f6g, golf og n\u00fdtir h\u00fan hvert t\u00e6kif\u00e6ri til a\u00f0 stinga af og stunda \u00e1hugam\u00e1lin \u00feegar vinnan leyfir. \u00a0 Sara L\u00edf Fells, b\u00f3kari. Sara L\u00edf<\/p>\n","protected":false},"author":2,"featured_media":0,"parent":0,"menu_order":0,"comment_status":"closed","ping_status":"closed","template":"","meta":{"footnotes":""},"class_list":["post-30831","page","type-page","status-publish","hentry"],"_links":{"self":[{"href":"https:\/\/breyn.is\/index.php?rest_route=\/wp\/v2\/pages\/30831","targetHints":{"allow":["GET"]}}],"collection":[{"href":"https:\/\/breyn.is\/index.php?rest_route=\/wp\/v2\/pages"}],"about":[{"href":"https:\/\/breyn.is\/index.php?rest_route=\/wp\/v2\/types\/page"}],"author":[{"embeddable":true,"href":"https:\/\/breyn.is\/index.php?rest_route=\/wp\/v2\/users\/2"}],"replies":[{"embeddable":true,"href":"https:\/\/breyn.is\/index.php?rest_route=%2Fwp%2Fv2%2Fcomments&post=30831"}],"version-history":[{"count":5,"href":"https:\/\/breyn.is\/index.php?rest_route=\/wp\/v2\/pages\/30831\/revisions"}],"predecessor-version":[{"id":30880,"href":"https:\/\/breyn.is\/index.php?rest_route=\/wp\/v2\/pages\/30831\/revisions\/30880"}],"wp:attachment":[{"href":"https:\/\/breyn.is\/index.php?rest_route=%2Fwp%2Fv2%2Fmedia&parent=30831"}],"curies":[{"name":"wp","href":"https:\/\/api.w.org\/{rel}","templated":true}]}}