{"id":27525,"date":"2017-10-26T02:03:25","date_gmt":"2017-10-26T02:03:25","guid":{"rendered":"http:\/\/mfdsgn.com\/mfd1\/?page_id=27525"},"modified":"2022-07-28T13:34:53","modified_gmt":"2022-07-28T13:34:53","slug":"creative-agency","status":"publish","type":"page","link":"https:\/\/breyn.is\/","title":{"rendered":"Creative Agency"},"content":{"rendered":"<div class=\"wpb-content-wrapper\"><p>[vc_row css=&#8221;.vc_custom_1603729502230{margin-top: 10px !important;}&#8221;][vc_column][rev_slider_vc alias=&#8221;breyn1&#8243;][\/vc_column][\/vc_row][vc_row full_width=&#8221;stretch_row&#8221; enable_bottom_separator=&#8221;true&#8221; bottom_separator_style=&#8221;slope-left&#8221; bottom_separator_color=&#8221;#2c2e3d&#8221; css=&#8221;.vc_custom_1502151236201{padding-top: 15px !important;padding-bottom: 80px !important;}&#8221;][vc_column][vc_row_inner css=&#8221;.vc_custom_1485806848183{margin-bottom: 40px !important;}&#8221;][vc_column_inner][vc_custom_heading text=&#8221;\u00dej\u00f3nustur&#8221; font_container=&#8221;tag:h2|text_align:center|color:%23555555&#8243; google_fonts=&#8221;font_family:Lato%3A100%2C100italic%2C300%2C300italic%2Cregular%2Citalic%2C700%2C700italic%2C900%2C900italic|font_style:700%20bold%20regular%3A700%3Anormal&#8221;]<div data-id=\"mpc_divider-1069ecbb7158b0f\" class=\"mpc-divider-wrap\"><div class=\"mpc-divider mpc-init mpc-align--center \" ><div class=\"mpc-divider__line mpc-side--left\"><span><\/span><\/div><div class=\"mpc-divider__separator\"><div class=\"mpc-divider__content etl etl-layers\"><\/div><\/div><div class=\"mpc-divider__line mpc-side--right\"><span><\/span><\/div><\/div><\/div>[vc_empty_space][\/vc_column_inner][\/vc_row_inner][vc_row_inner][vc_column_inner width=&#8221;1\/3&#8243;]<div data-id=\"mpc_icon_column-4369ecbb7158b82\" class=\"mpc-icon-column mpc-init mpc-parent-hover mpc-transition mpc-animation mpc-icon-column--style_3 mpc-align--left \"  data-animation-in=\"transition.flipXIn||800||0||80\"><div data-id=\"mpc_icon-3169ecbb7158bb4\" class=\"mpc-icon mpc-init mpc-transition mpc-effect-slide-up mpc-icon-hover \"><div class=\"mpc-icon-wrap\"><i class=\"mpc-icon-part mpc-regular mpc-transition  eti eti_floppy_alt\"><\/i><i class=\"mpc-icon-part mpc-hover mpc-transition  eti eti_floppy_alt\"><\/i><\/div><\/div><div class=\"mpc-icon-column__content-wrap\"><div class=\"mpc-icon-column__content\"><h3 class=\"mpc-icon-column__heading mpc-transition\">Papp\u00edrslaus vi\u00f0skipti<\/h3><div class=\"mpc-icon-column__description mpc-transition\"><p>BREYN ehf. vinnur \u00ed Navision Dynamics sem b\u00fd\u00f0ur upp \u00e1 \u00feann m\u00f6guleika a\u00f0 hafa b\u00f3khaldi\u00f0 n\u00e1nast papp\u00edrslaust fyrir \u00fe\u00e1 sem kj\u00f3sa \u00fea\u00f0. Einnig vinnum vi\u00f0 me\u00f0 \u00f6nnur b\u00f3khaldskerfi.<\/p>\n<\/div><\/div><\/div><\/div>[\/vc_column_inner][vc_column_inner width=&#8221;1\/3&#8243;]<div data-id=\"mpc_icon_column-2269ecbb7158c5e\" class=\"mpc-icon-column mpc-init mpc-parent-hover mpc-transition mpc-animation mpc-icon-column--style_3 mpc-align--left \"  data-animation-in=\"transition.flipXIn||800||0||80\"><div data-id=\"mpc_icon-7369ecbb7158c7d\" class=\"mpc-icon mpc-init mpc-transition mpc-effect-slide-up mpc-icon-hover \"><div class=\"mpc-icon-wrap\"><i class=\"mpc-icon-part mpc-regular mpc-transition  eti eti_calculator_alt\"><\/i><i class=\"mpc-icon-part mpc-hover mpc-transition  eti eti_calculator_alt\"><\/i><\/div><\/div><div class=\"mpc-icon-column__content-wrap\"><div class=\"mpc-icon-column__content\"><h3 class=\"mpc-icon-column__heading mpc-transition\">B\u00f3khald<\/h3><div class=\"mpc-icon-column__description mpc-transition\"><p>F\u00e6rsla b\u00f3khalds fr\u00e1 a-\u00f6.<\/p>\n<\/div><\/div><\/div><\/div>[\/vc_column_inner][vc_column_inner width=&#8221;1\/3&#8243;]<div data-id=\"mpc_icon_column-4969ecbb7158cea\" class=\"mpc-icon-column mpc-init mpc-parent-hover mpc-transition mpc-animation mpc-icon-column--style_3 mpc-align--left \"  data-animation-in=\"transition.flipXIn||800||200||80\"><div data-id=\"mpc_icon-5469ecbb7158d0d\" class=\"mpc-icon mpc-init mpc-transition mpc-effect-slide-up mpc-icon-hover \"><div class=\"mpc-icon-wrap\"><i class=\"mpc-icon-part mpc-regular mpc-transition  eti eti_wallet_alt\"><\/i><i class=\"mpc-icon-part mpc-hover mpc-transition  eti eti_wallet_alt\"><\/i><\/div><\/div><div class=\"mpc-icon-column__content-wrap\"><div class=\"mpc-icon-column__content\"><h3 class=\"mpc-icon-column__heading mpc-transition\">Launavinnslur<\/h3><div class=\"mpc-icon-column__description mpc-transition\"><p>Launavinnslur og skilagreinaskil til l\u00edfeyrissj\u00f3\u00f0a, st\u00e9ttarf\u00e9laga, RSK og annara a\u00f0ila.<\/p>\n<\/div><\/div><\/div><\/div>[\/vc_column_inner][\/vc_row_inner][\/vc_column][\/vc_row][vc_row full_width=&#8221;stretch_row&#8221; enable_bottom_separator=&#8221;true&#8221; bottom_separator_style=&#8221;slope-left&#8221; bottom_separator_color=&#8221;#f5f5f5&#8243; css=&#8221;.vc_custom_1502158347894{background-color: #2c2e3d !important;}&#8221;][vc_column][vc_custom_heading text=&#8221;BREYN&#8221; font_container=&#8221;tag:h2|text_align:center|color:%23ffffff&#8221; google_fonts=&#8221;font_family:Lato%3A100%2C100italic%2C300%2C300italic%2Cregular%2Citalic%2C700%2C700italic%2C900%2C900italic|font_style:700%20bold%20regular%3A700%3Anormal&#8221;]<div data-id=\"mpc_divider-7069ecbb7158d4a\" class=\"mpc-divider-wrap\"><div class=\"mpc-divider mpc-init mpc-align--center \" ><div class=\"mpc-divider__line mpc-side--left\"><span><\/span><\/div><div class=\"mpc-divider__separator\"><div class=\"mpc-divider__content etl etl-wallet\"><\/div><\/div><div class=\"mpc-divider__line mpc-side--right\"><span><\/span><\/div><\/div><\/div>[vc_empty_space][vc_column_text]<\/p>\n<p style=\"text-align: center;\"><span style=\"color: #ffffff;\"><strong>BREYN ehf er \u00ed eigu Bjarkar Reynisd\u00f3ttur vi\u00f0skiptafr\u00e6\u00f0ings. Bj\u00f6rk hefur starfa\u00f0 vi\u00f0 b\u00f3khald fr\u00e1<\/strong><\/span><br \/>\n<span style=\"color: #ffffff;\"><strong>unga aldri og hefur v\u00ed\u00f0t\u00e6ka reynslu \u00e1 \u00fev\u00ed svi\u00f0i. H\u00fan hefur starfa\u00f0 vi\u00f0 fj\u00e1rm\u00e1lastj\u00f3rn og st\u00fdrt st\u00f3rum<\/strong><\/span><br \/>\n<span style=\"color: #ffffff;\"><strong>og sm\u00e1um b\u00f3khaldsdeildum um margra \u00e1ra skei\u00f0. Eftir \u00fev\u00ed sem \u00e1rin hafa li\u00f0i\u00f0 hefur \u00e1hugi hennar \u00e1<\/strong><\/span><br \/>\n<span style=\"color: #ffffff;\"><strong>b\u00f3khaldi aukist og n\u00fdtir h\u00fan s\u00e9r n\u00fdjustu greiningart\u00f3l til a\u00f0 greina tekjur, gj\u00f6ld ofl.\u00a0<\/strong><\/span><\/p>\n<p>[\/vc_column_text][\/vc_column][\/vc_row][vc_row][vc_column]\n<div class=\"wpcf7 no-js\" id=\"wpcf7-f7-o1\" lang=\"en-US\" dir=\"ltr\">\n<div class=\"screen-reader-response\"><p role=\"status\" aria-live=\"polite\" aria-atomic=\"true\"><\/p> <ul><\/ul><\/div>\n<form action=\"\/index.php?rest_route=%2Fwp%2Fv2%2Fpages%2F27525#wpcf7-f7-o1\" method=\"post\" class=\"wpcf7-form init\" aria-label=\"Contact form\" novalidate=\"novalidate\" data-status=\"init\">\n<div style=\"display: none;\">\n<input type=\"hidden\" name=\"_wpcf7\" value=\"7\" \/>\n<input type=\"hidden\" name=\"_wpcf7_version\" value=\"5.9.5\" \/>\n<input type=\"hidden\" name=\"_wpcf7_locale\" value=\"en_US\" \/>\n<input type=\"hidden\" name=\"_wpcf7_unit_tag\" value=\"wpcf7-f7-o1\" \/>\n<input type=\"hidden\" name=\"_wpcf7_container_post\" value=\"0\" \/>\n<input type=\"hidden\" name=\"_wpcf7_posted_data_hash\" value=\"\" \/>\n<\/div>\n<p><label> Nafn *<br \/>\n<span class=\"wpcf7-form-control-wrap\" data-name=\"your-name\"><input size=\"40\" class=\"wpcf7-form-control wpcf7-text wpcf7-validates-as-required\" aria-required=\"true\" aria-invalid=\"false\" value=\"\" type=\"text\" name=\"your-name\" \/><\/span> <\/label>\n<\/p>\n<p><label> Netfang *<br \/>\n<span class=\"wpcf7-form-control-wrap\" data-name=\"your-email\"><input size=\"40\" class=\"wpcf7-form-control wpcf7-email wpcf7-validates-as-required wpcf7-text wpcf7-validates-as-email\" aria-required=\"true\" aria-invalid=\"false\" value=\"\" type=\"email\" name=\"your-email\" \/><\/span> <\/label>\n<\/p>\n<p><label> Skilabo\u00f0<br \/>\n<span class=\"wpcf7-form-control-wrap\" data-name=\"your-message\"><textarea cols=\"40\" rows=\"10\" class=\"wpcf7-form-control wpcf7-textarea\" aria-invalid=\"false\" name=\"your-message\"><\/textarea><\/span> <\/label>\n<\/p>\n<p><input class=\"wpcf7-form-control wpcf7-submit has-spinner\" type=\"submit\" value=\"Senda\" \/>\n<\/p><div class=\"wpcf7-response-output\" aria-hidden=\"true\"><\/div>\n<\/form>\n<\/div>\n[\/vc_column][\/vc_row]<\/p>\n<\/div>","protected":false},"excerpt":{"rendered":"<p>[vc_row css=&#8221;.vc_custom_1603729502230{margin-top: 10px !important;}&#8221;][vc_column][rev_slider_vc alias=&#8221;breyn1&#8243;][\/vc_column][\/vc_row][vc_row full_width=&#8221;stretch_row&#8221; enable_bottom_separator=&#8221;true&#8221; bottom_separator_style=&#8221;slope-left&#8221; bottom_separator_color=&#8221;#2c2e3d&#8221; css=&#8221;.vc_custom_1502151236201{padding-top: 15px !important;padding-bottom: 80px !important;}&#8221;][vc_column][vc_row_inner css=&#8221;.vc_custom_1485806848183{margin-bottom: 40px !important;}&#8221;][vc_column_inner][vc_custom_heading text=&#8221;\u00dej\u00f3nustur&#8221; font_container=&#8221;tag:h2|text_align:center|color:%23555555&#8243; google_fonts=&#8221;font_family:Lato%3A100%2C100italic%2C300%2C300italic%2Cregular%2Citalic%2C700%2C700italic%2C900%2C900italic|font_style:700%20bold%20regular%3A700%3Anormal&#8221;][vc_empty_space][\/vc_column_inner][\/vc_row_inner][vc_row_inner][vc_column_inner width=&#8221;1\/3&#8243;][\/vc_column_inner][vc_column_inner width=&#8221;1\/3&#8243;][\/vc_column_inner][vc_column_inner width=&#8221;1\/3&#8243;][\/vc_column_inner][\/vc_row_inner][\/vc_column][\/vc_row][vc_row full_width=&#8221;stretch_row&#8221; enable_bottom_separator=&#8221;true&#8221; bottom_separator_style=&#8221;slope-left&#8221; bottom_separator_color=&#8221;#f5f5f5&#8243; css=&#8221;.vc_custom_1502158347894{background-color: #2c2e3d !important;}&#8221;][vc_column][vc_custom_heading text=&#8221;BREYN&#8221; font_container=&#8221;tag:h2|text_align:center|color:%23ffffff&#8221; google_fonts=&#8221;font_family:Lato%3A100%2C100italic%2C300%2C300italic%2Cregular%2Citalic%2C700%2C700italic%2C900%2C900italic|font_style:700%20bold%20regular%3A700%3Anormal&#8221;][vc_empty_space][vc_column_text] BREYN ehf er \u00ed eigu Bjarkar Reynisd\u00f3ttur vi\u00f0skiptafr\u00e6\u00f0ings. Bj\u00f6rk hefur starfa\u00f0 vi\u00f0 b\u00f3khald fr\u00e1 unga aldri og hefur v\u00ed\u00f0t\u00e6ka reynslu \u00e1 \u00fev\u00ed<\/p>\n","protected":false},"author":1,"featured_media":0,"parent":24659,"menu_order":0,"comment_status":"closed","ping_status":"closed","template":"","meta":{"footnotes":""},"class_list":["post-27525","page","type-page","status-publish","hentry"],"_links":{"self":[{"href":"https:\/\/breyn.is\/index.php?rest_route=\/wp\/v2\/pages\/27525","targetHints":{"allow":["GET"]}}],"collection":[{"href":"https:\/\/breyn.is\/index.php?rest_route=\/wp\/v2\/pages"}],"about":[{"href":"https:\/\/breyn.is\/index.php?rest_route=\/wp\/v2\/types\/page"}],"author":[{"embeddable":true,"href":"https:\/\/breyn.is\/index.php?rest_route=\/wp\/v2\/users\/1"}],"replies":[{"embeddable":true,"href":"https:\/\/breyn.is\/index.php?rest_route=%2Fwp%2Fv2%2Fcomments&post=27525"}],"version-history":[{"count":6,"href":"https:\/\/breyn.is\/index.php?rest_route=\/wp\/v2\/pages\/27525\/revisions"}],"predecessor-version":[{"id":30878,"href":"https:\/\/breyn.is\/index.php?rest_route=\/wp\/v2\/pages\/27525\/revisions\/30878"}],"up":[{"embeddable":true,"href":"https:\/\/breyn.is\/index.php?rest_route=\/wp\/v2\/pages\/24659"}],"wp:attachment":[{"href":"https:\/\/breyn.is\/index.php?rest_route=%2Fwp%2Fv2%2Fmedia&parent=27525"}],"curies":[{"name":"wp","href":"https:\/\/api.w.org\/{rel}","templated":true}]}}